
{"id":7953,"date":"2024-06-01T14:28:24","date_gmt":"2024-06-01T14:28:24","guid":{"rendered":"https:\/\/nanotermo.com.tr\/?post_type=product&#038;p=7953"},"modified":"2025-11-04T08:26:28","modified_gmt":"2025-11-04T08:26:28","slug":"ozon-jeli-200gr","status":"publish","type":"product","link":"https:\/\/nanotermo.com.tr\/ar\/urun\/ozon-jeli-200gr\/","title":{"rendered":"Ozon Jeli 200gr"},"content":{"rendered":"<h2>H\u00dcCRE YEN\u0130LEY\u0130C\u0130 OZON JEL\u0130 NED\u0130R? N\u0130\u00c7\u0130N KULLANILMALIDIR?<\/h2>\n<p>A\u011fr\u0131 tedavisi (Eklem kire\u00e7lenmeleri, eklem romatizmas\u0131, boyun, bel f\u0131t\u0131\u011f\u0131, s\u0131rt a\u011fr\u0131s\u0131, fibromiyalji, yumu\u015fak doku problemleri, topuk dikeni, tenis\u00e7i dirse\u011fi, golf\u00e7\u00fc dirse\u011fi)<br \/>\n\u25cf Halsizlik, zihinsel ve bedensel yorgunluk<br \/>\n\u25cf Uyku bozukluklar\u0131<br \/>\n\u25cf Bas\u0131 yaralar\u0131, \u015feker hastal\u0131klar\u0131n\u0131n iyile\u015fmeyen yaralar\u0131 ve kangren<br \/>\n\u25cf Ba\u011f\u0131rsak hastal\u0131klar\u0131 (\u00dclseratif Kolit, Fiss\u00fcr, Fist\u00fcl)<br \/>\n\u25cf Genel ba\u011f\u0131\u015f\u0131kl\u0131k sistemi yetmezli\u011fi<br \/>\n\u25cf Ba\u015f d\u00f6nmesi (Vertigo)<br \/>\n\u25cf Sin\u00fczit<br \/>\n\u25cf Hepatit B, Hepatit C gibi vir\u00fcs kaynakl\u0131 hastal\u0131klar<br \/>\n\u25cf Diren\u00e7li idrar yolu enfeksiyonlar\u0131, bakteriyel ve mantara ba\u011fl\u0131 olarak geli\u015fen vajinal enfeksiyonlar<br \/>\n\u25cf Romatoid Artrit, Sistemik Lupus Eritematozus, Kronik A\u011fr\u0131 Sendromu gibi romatizmal hastal\u0131klar<br \/>\n\u25cf Baz\u0131 cilt hastal\u0131klar\u0131 (Sedef, sivilceler)<br \/>\n\u25cf Herpes enfeksiyonlar\u0131 (U\u00e7uk, Zona, Zona a\u011fr\u0131lar\u0131)<br \/>\n\u25cf \u0130skemik kalp hastal\u0131\u011f\u0131n\u0131n kronik d\u00f6nemi<br \/>\n\u25cf Parkinson hastal\u0131\u011f\u0131, demans, trigeminal nevralji, Alzheimer hastal\u0131\u011f\u0131, ba\u015f a\u011fr\u0131lar\u0131 ve migren gibi N\u00f6rolojik hastal\u0131klar<br \/>\n\u25cf Akut ve kronik alerjiler (Mevsimsel alerjiler)<br \/>\n\u25cf Damar t\u0131kan\u0131kl\u0131klar\u0131<br \/>\n\u25cf Metabolizma hastal\u0131klar\u0131 (Diyabet, Tiroid hastal\u0131\u011f\u0131, Hipertansiyon)<br \/>\n\u25cf Sindirim sistemi hastal\u0131klar\u0131<br \/>\n\u25cf Kronik b\u00f6brek ve akci\u011fer hastal\u0131klar\u0131<br \/>\n\u25cf K.B.B hastal\u0131klar\u0131ndan meniere sendromu ve kulak \u00e7\u0131nlamas\u0131<br \/>\n\u25cf Kire\u00e7lenmeler ve f\u0131t\u0131klar (bel, boyun, diz kire\u00e7lenmeleri)<br \/>\n\u25cf I\u015f\u0131n tedavisi (radyoterapi) sonras\u0131 stresle m\u00fccadele ve uykusuzluk durumlar\u0131<\/p>\n<p><strong>Ozon tedavisi ayn\u0131 zamanda \u015fu durumlar i\u00e7in de uygulanabilmektedir:<\/strong><\/p>\n<p>\u25cf Akut ve kronik enfeksiyonlarda direncin art\u0131r\u0131lmas\u0131 ama\u00e7l\u0131,<br \/>\n\u25cf Sporcularda performans\u0131 art\u0131rmak ama\u00e7l\u0131,<br \/>\n\u25cf Estetik ama\u00e7l\u0131 (Kar\u0131n, g\u00f6bek, basen ve kal\u00e7a ya\u011flar\u0131n\u0131n eritilmesinde ve bel inceltilmesi, sel\u00fclit)<br \/>\n\u25cf Sigaraya ba\u011fl\u0131 olarak geli\u015fen hasarlar\u0131n iyile\u015ftirilmesi ama\u00e7l\u0131<br \/>\n\u25cf Ya\u015fl\u0131l\u0131\u011f\u0131n geciktirilmesinde v\u00fccuttan toksinlerin at\u0131lmas\u0131n\u0131 sa\u011flayan anti-aging olarak (ya\u015flanma kar\u015f\u0131t\u0131).<\/p>\n<p><strong>OZON JEL\u0130 NASIL KULLANILMALI\u2049<\/strong><br \/>\n1- G\u00f6bek deli\u011fi uygulamas\u0131; g\u00f6bek deli\u011fine iri mercimek tanesi kadar koyulup, \u00fczerine pamuk kapat\u0131r\u0131yoruz.<br \/>\n2- Yutma y\u00f6ntemi; her \u00f6\u011f\u00fcnde \u00f6\u011f\u00fcn aras\u0131nda mercimek tanesi kadar yutuyoruz.<br \/>\n3- Ayak torbalama y\u00f6ntemi; ayak alt\u0131na ve \u00fcst\u00fcne ozon jeli s\u00fcr\u00fcp aya\u011f\u0131m\u0131za torba ge\u00e7irip ve a\u011fz\u0131n\u0131 ba\u011fl\u0131yoruz. Far-infrared ayak \u0131s\u0131t\u0131c\u0131 \u00fczerine aya\u011f\u0131m\u0131z\u0131 koyabiliriz(far-infrared \u0131s\u0131ya maruz b\u0131rakaca\u011f\u0131z)<br \/>\n4- Kulak deli\u011fine uygulama; kulak deliklerine mercimek tanesi kadar, kulak \u00e7\u00f6p\u00fc ile s\u00fcrelim. Kulak arkas\u0131na da s\u00fcr\u00fclebilir<br \/>\n5- Makattan fitil uygulamas\u0131; makattan fitil uygulamas\u0131 direk kana kar\u0131\u015f\u0131p kan y\u0131kama \u00f6zelli\u011fine sahip<br \/>\n6- Kad\u0131n hastal\u0131klar\u0131nda; Rahime fitil uygulamas\u0131 her ak\u015fam uygulanmal\u0131. T\u00fcm kad\u0131n hastal\u0131klar\u0131nda \u00e7ok etkili<br \/>\n7- A\u011fr\u0131yan b\u00f6lgelere s\u00fcrmek; a\u011fr\u0131yan b\u00f6lgeye s\u00fcrerek \u00fcst\u00fcn\u00fc stre\u00e7leyebiliriz ve yine far-infrared \u0131s\u0131ya maruz b\u0131rak\u0131lmal\u0131. Yada s\u0131cak havlu presi uygulanmal\u0131<br \/>\n8- Buhar uygulamas\u0131; 1 litre kaynar suya 1 nohut tanesi kadar ozon jeli koyup, ba\u015f\u0131m\u0131z\u0131 havlu ile kapat\u0131p, buhar\u0131n\u0131 soluyoruz. Ast\u0131m ,Bron\u015fit ve Koah hastal\u0131klar\u0131nda \u00e7ok fayfal\u0131. Bu uygulama cilt g\u00f6zeneklerini a\u00e7mak ve cilt bak\u0131m\u0131 i\u00e7inde bu \u015fekikde uygulanabilir<br \/>\n9- Far-infrared saunaya girmeden \u00f6nce; ense k\u00f6k\u00fcnden, kuyruk sokumuna kadar yani omurgaya ozon jeli s\u00fcrelim. Koltuk alt\u0131na, ayaklara dizlere kadar ve g\u00f6bek deli\u011fine s\u00fcr\u00fcp saunaya \u00f6yle girelim. Bu uygulamalar\u0131 istikrarl\u0131 \u015fekilde 21 G\u00fcn devam edersek, sonu\u00e7lar\u0131n iyi olaca\u011f\u0131 Bilimsel olarak kan\u0131tlanm\u0131\u015ft\u0131r.<\/p>\n","protected":false},"excerpt":{"rendered":"<p>Ozon Jeli 200gr<\/p>\n","protected":false},"featured_media":7954,"comment_status":"closed","ping_status":"closed","template":"","meta":[],"product_brand":[],"product_cat":[62,58,43],"product_tag":[59,60,61],"class_list":{"0":"post-7953","1":"product","2":"type-product","3":"status-publish","4":"has-post-thumbnail","6":"product_cat-diger-urunler","7":"product_cat-ozon-urunleri","8":"product_cat-tum-urunler","9":"product_tag-ozon","10":"product_tag-ozon-jeli","11":"product_tag-ozon-yagi","13":"first","14":"instock","15":"sale","16":"shipping-taxable","17":"purchasable","18":"product-type-simple"},"_links":{"self":[{"href":"https:\/\/nanotermo.com.tr\/ar\/wp-json\/wp\/v2\/product\/7953","targetHints":{"allow":["GET"]}}],"collection":[{"href":"https:\/\/nanotermo.com.tr\/ar\/wp-json\/wp\/v2\/product"}],"about":[{"href":"https:\/\/nanotermo.com.tr\/ar\/wp-json\/wp\/v2\/types\/product"}],"replies":[{"embeddable":true,"href":"https:\/\/nanotermo.com.tr\/ar\/wp-json\/wp\/v2\/comments?post=7953"}],"wp:featuredmedia":[{"embeddable":true,"href":"https:\/\/nanotermo.com.tr\/ar\/wp-json\/wp\/v2\/media\/7954"}],"wp:attachment":[{"href":"https:\/\/nanotermo.com.tr\/ar\/wp-json\/wp\/v2\/media?parent=7953"}],"wp:term":[{"taxonomy":"product_brand","embeddable":true,"href":"https:\/\/nanotermo.com.tr\/ar\/wp-json\/wp\/v2\/product_brand?post=7953"},{"taxonomy":"product_cat","embeddable":true,"href":"https:\/\/nanotermo.com.tr\/ar\/wp-json\/wp\/v2\/product_cat?post=7953"},{"taxonomy":"product_tag","embeddable":true,"href":"https:\/\/nanotermo.com.tr\/ar\/wp-json\/wp\/v2\/product_tag?post=7953"}],"curies":[{"name":"wp","href":"https:\/\/api.w.org\/{rel}","templated":true}]}}