
{"id":8312,"date":"2026-04-27T10:57:32","date_gmt":"2026-04-27T10:57:32","guid":{"rendered":"https:\/\/nanotermo.com.tr\/?post_type=product&#038;p=8312"},"modified":"2026-04-27T10:57:33","modified_gmt":"2026-04-27T10:57:33","slug":"ecem-nano-grill","status":"publish","type":"product","link":"https:\/\/nanotermo.com.tr\/ar\/urun\/ecem-nano-grill\/","title":{"rendered":"Ecem Nano Grill"},"content":{"rendered":"","protected":false},"excerpt":{"rendered":"<h2><strong>Yeni Nesil Cam Izgara Teknolojisi<\/strong><\/h2>\n<p>Uzun Ar-Ge \u00e7al\u0131\u015fmalar\u0131 sonucunda firmam\u0131z m\u00fchendisleri taraf\u0131ndan <strong>nano teknoloji kullan\u0131larak<\/strong> geli\u015ftirilen<em> Ecem Nano Grill<\/em>, rezistanss\u0131z \u00f6zel \u0131s\u0131tma sistemi ile fark yarat\u0131r.<\/p>\n<p><strong>\u00dcr\u00fcn\u00fcm\u00fcz;<\/strong><\/p>\n<ul>\n<li>Patentli tasar\u0131ma sahiptir<\/li>\n<li>CE belgelidir<\/li>\n<li>G\u0131daya uygunluk sertifikas\u0131na sahiptir<\/li>\n<li>Izgara y\u00fczeyi, 700\u00b0C\u2019ye kadar dayan\u0131kl\u0131 \u00f6zel camdan \u00fcretilmi\u015ftir. Sert darbeler d\u0131\u015f\u0131nda; \u00fczerine buz konulmas\u0131 gibi ani \u0131s\u0131 de\u011fi\u015fimlerinde dahi \u00e7atlama, k\u0131r\u0131lma veya patlama yapmaz. Termal \u015foklara kar\u015f\u0131 y\u00fcksek diren\u00e7 g\u00f6sterir.<\/li>\n<li>Geleneksel rezistansl\u0131 \u0131zgaralar saatte 2000\u20132300 Watt enerji t\u00fcketirken, Ecem Nano Grill yaln\u0131zca 800 Watt enerji harcar. Bu da ortalama saatte yakla\u015f\u0131k 4 TL enerji t\u00fcketimi anlam\u0131na gelir.<\/li>\n<li>\u00dcr\u00fcn g\u00f6vdesi, 304 kalite paslanmaz \u00e7elikten \u00fcretilmi\u015ftir ve 300\u00b0C ayarlanabilir termostat ile donat\u0131lm\u0131\u015ft\u0131r.<\/li>\n<\/ul>\n<p><strong>Kutu i\u00e7eri\u011fi:<\/strong><\/p>\n<ul>\n<li>Cam kaz\u0131ma aparat\u0131<\/li>\n<li>Garanti belgesi<\/li>\n<li>Kullan\u0131m k\u0131lavuzu<\/li>\n<\/ul>\n<p><strong>Avantajlar\u0131:<\/strong><\/p>\n<ul>\n<li>Kapal\u0131 alanlarda bile dumans\u0131z \u0131zgara keyfi<\/li>\n<li>Et, tavuk ve bal\u0131kta kurutmadan lezzetli pi\u015firme<\/li>\n<li>K\u00f6ftelerde mangal tad\u0131n\u0131 aratmayan sonu\u00e7lar<\/li>\n<\/ul>\n<p>&nbsp;<\/p>\n<p>En iyi performans i\u00e7in et, tavuk ve bal\u0131klar\u0131n ince dilimlenerek pi\u015firilmesi \u00f6nerilir.<\/p>\n<p>Detayl\u0131 kullan\u0131m bilgileri \u00fcr\u00fcn k\u0131lavuzunda yer almaktad\u0131r.<\/p>\n","protected":false},"featured_media":8313,"comment_status":"closed","ping_status":"closed","template":"","meta":[],"product_brand":[],"product_cat":[62],"product_tag":[],"class_list":{"0":"post-8312","1":"product","2":"type-product","3":"status-publish","4":"has-post-thumbnail","6":"product_cat-diger-urunler","8":"first","9":"instock","10":"sale","11":"shipping-taxable","12":"purchasable","13":"product-type-simple"},"_links":{"self":[{"href":"https:\/\/nanotermo.com.tr\/ar\/wp-json\/wp\/v2\/product\/8312","targetHints":{"allow":["GET"]}}],"collection":[{"href":"https:\/\/nanotermo.com.tr\/ar\/wp-json\/wp\/v2\/product"}],"about":[{"href":"https:\/\/nanotermo.com.tr\/ar\/wp-json\/wp\/v2\/types\/product"}],"replies":[{"embeddable":true,"href":"https:\/\/nanotermo.com.tr\/ar\/wp-json\/wp\/v2\/comments?post=8312"}],"wp:featuredmedia":[{"embeddable":true,"href":"https:\/\/nanotermo.com.tr\/ar\/wp-json\/wp\/v2\/media\/8313"}],"wp:attachment":[{"href":"https:\/\/nanotermo.com.tr\/ar\/wp-json\/wp\/v2\/media?parent=8312"}],"wp:term":[{"taxonomy":"product_brand","embeddable":true,"href":"https:\/\/nanotermo.com.tr\/ar\/wp-json\/wp\/v2\/product_brand?post=8312"},{"taxonomy":"product_cat","embeddable":true,"href":"https:\/\/nanotermo.com.tr\/ar\/wp-json\/wp\/v2\/product_cat?post=8312"},{"taxonomy":"product_tag","embeddable":true,"href":"https:\/\/nanotermo.com.tr\/ar\/wp-json\/wp\/v2\/product_tag?post=8312"}],"curies":[{"name":"wp","href":"https:\/\/api.w.org\/{rel}","templated":true}]}}