
{"id":7497,"date":"2015-12-30T15:36:57","date_gmt":"2015-12-30T15:36:57","guid":{"rendered":"https:\/\/nanotermo.com.tr\/hakkimizda\/"},"modified":"2022-06-11T23:17:45","modified_gmt":"2022-06-11T23:17:45","slug":"uber-uns","status":"publish","type":"page","link":"https:\/\/nanotermo.com.tr\/de\/uber-uns\/","title":{"rendered":"\u00dcber Uns"},"content":{"rendered":"[vc_row type=&#8220;in_container&#8220; full_screen_row_position=&#8220;middle&#8220; column_margin=&#8220;default&#8220; column_direction=&#8220;default&#8220; column_direction_tablet=&#8220;default&#8220; column_direction_phone=&#8220;default&#8220; scene_position=&#8220;center&#8220; top_margin=&#8220;30px&#8220; text_color=&#8220;dark&#8220; text_align=&#8220;left&#8220; row_border_radius=&#8220;none&#8220; row_border_radius_applies=&#8220;bg&#8220; overflow=&#8220;visible&#8220; advanced_gradient_angle=&#8220;0&#8243; overlay_strength=&#8220;0.3&#8243; gradient_direction=&#8220;left_to_right&#8220; shape_divider_position=&#8220;bottom&#8220; bg_image_animation=&#8220;none&#8220; gradient_type=&#8220;default&#8220; shape_type=&#8220;&#8220;][vc_column column_padding=&#8220;no-extra-padding&#8220; column_padding_tablet=&#8220;inherit&#8220; column_padding_phone=&#8220;inherit&#8220; column_padding_position=&#8220;all&#8220; column_element_spacing=&#8220;default&#8220; background_color_opacity=&#8220;1&#8243; background_hover_color_opacity=&#8220;1&#8243; column_shadow=&#8220;none&#8220; column_border_radius=&#8220;none&#8220; column_link_target=&#8220;_self&#8220; column_position=&#8220;default&#8220; gradient_direction=&#8220;left_to_right&#8220; overlay_strength=&#8220;0.3&#8243; width=&#8220;1\/2&#8243; tablet_width_inherit=&#8220;default&#8220; tablet_text_alignment=&#8220;default&#8220; phone_text_alignment=&#8220;default&#8220; animation_type=&#8220;default&#8220; bg_image_animation=&#8220;none&#8220; border_type=&#8220;simple&#8220; column_border_width=&#8220;none&#8220; column_border_style=&#8220;solid&#8220;][image_with_animation image_url=&#8220;6892&#8243; image_size=&#8220;full&#8220; animation_type=&#8220;entrance&#8220; animation=&#8220;Fade In&#8220; hover_animation=&#8220;none&#8220; alignment=&#8220;center&#8220; border_radius=&#8220;none&#8220; box_shadow=&#8220;none&#8220; image_loading=&#8220;default&#8220; max_width=&#8220;100%&#8220; max_width_mobile=&#8220;default&#8220;][\/vc_column][vc_column column_padding=&#8220;padding-5-percent&#8220; column_padding_tablet=&#8220;inherit&#8220; column_padding_phone=&#8220;inherit&#8220; column_padding_position=&#8220;all&#8220; column_element_spacing=&#8220;default&#8220; background_color=&#8220;#ffffff&#8220; background_color_opacity=&#8220;1&#8243; background_hover_color_opacity=&#8220;1&#8243; column_shadow=&#8220;none&#8220; column_border_radius=&#8220;none&#8220; column_link_target=&#8220;_self&#8220; column_position=&#8220;default&#8220; advanced_gradient_angle=&#8220;0&#8243; gradient_direction=&#8220;left_to_right&#8220; overlay_strength=&#8220;0.3&#8243; width=&#8220;1\/2&#8243; tablet_width_inherit=&#8220;default&#8220; tablet_text_alignment=&#8220;default&#8220; phone_text_alignment=&#8220;default&#8220; animation_type=&#8220;default&#8220; bg_image_animation=&#8220;none&#8220; border_type=&#8220;simple&#8220; column_border_width=&#8220;none&#8220; column_border_style=&#8220;solid&#8220; gradient_type=&#8220;default&#8220;][vc_column_text]\n<h1>\u00dcber Uns<\/h1>\n<p>Nano Thermo wurde 2011 von Hakan Ad\u0131g\u00fczel gegr\u00fcndet.<\/p>\n<p>Es ist zum Pionierunternehmen geworden, das erstmals in der T\u00fcrkei mit der Implementierung des Nanotechnologie-Heizsystems begonnen hat.<\/p>\n<p>Villen, Kinderg\u00e4rten, D\u00e4cher, Moscheen, Masjids und H\u00e4user haben ein gesundes Heizsystem mit FAR-INFRAROT-Heizung implementiert.<\/p>\n<p>Als Nano Thermo erkannten wir, dass tragbare FAR-INFRAROT-Heizger\u00e4te zus\u00e4tzlich zur Fu\u00dfbodenheizung ein ernsthafter Bedarf waren, und zuallererst boten wir den T\u00fcrken Fu\u00dfw\u00e4rmer, Taillen-Bauchw\u00e4rmer und tragbare Saunen an. Unsere tragbaren Produkte waren sehr beliebt und wir erzielten einen beachtlichen Verkaufschart. Nachfragen kommen weiterhin aus dem Ausland, insbesondere dank der Ergebnisse der tragbaren Sauna.<\/p>\n<p>Unser Ziel ist es, in diesem Bereich die Nummer eins zu sein und die L\u00e4nder, in denen wir in der Nanoheiztechnologie konkurrieren, zu erreichen und zu \u00fcbertreffen. Die Heizungsthematik geh\u00f6rt auch heute noch zu den wichtigsten Themen und wir m\u00fcssen daf\u00fcr sorgen, dass energiesparende Nanosysteme weitere Verbreitung finden.<\/p>\n<p>Nano-FERN-INFRAROT-Heizsysteme, die f\u00fcr ein gesundes Leben sehr notwendig sind, werden ihre Ausgaben im Bereich der Gesundheit reduzieren.[\/vc_column_text][\/vc_column][\/vc_row]\n","protected":false},"excerpt":{"rendered":"<p>[vc_row type=&#8220;in_container&#8220; full_screen_row_position=&#8220;middle&#8220; column_margin=&#8220;default&#8220; column_direction=&#8220;default&#8220; column_direction_tablet=&#8220;default&#8220; column_direction_phone=&#8220;default&#8220; scene_position=&#8220;center&#8220; top_margin=&#8220;30px&#8220; text_color=&#8220;dark&#8220; text_align=&#8220;left&#8220; row_border_radius=&#8220;none&#8220; row_border_radius_applies=&#8220;bg&#8220; overflow=&#8220;visible&#8220; advanced_gradient_angle=&#8220;0&#8243; overlay_strength=&#8220;0.3&#8243; gradient_direction=&#8220;left_to_right&#8220; shape_divider_position=&#8220;bottom&#8220; bg_image_animation=&#8220;none&#8220; gradient_type=&#8220;default&#8220; shape_type=&#8220;&#8220;][vc_column column_padding=&#8220;no-extra-padding&#8220; column_padding_tablet=&#8220;inherit&#8220; column_padding_phone=&#8220;inherit&#8220; column_padding_position=&#8220;all&#8220; column_element_spacing=&#8220;default&#8220; background_color_opacity=&#8220;1&#8243; background_hover_color_opacity=&#8220;1&#8243; column_shadow=&#8220;none&#8220; column_border_radius=&#8220;none&#8220;&#8230;<\/p>\n","protected":false},"author":2,"featured_media":0,"parent":0,"menu_order":0,"comment_status":"closed","ping_status":"closed","template":"","meta":{"footnotes":""},"class_list":["post-7497","page","type-page","status-publish"],"_links":{"self":[{"href":"https:\/\/nanotermo.com.tr\/de\/wp-json\/wp\/v2\/pages\/7497","targetHints":{"allow":["GET"]}}],"collection":[{"href":"https:\/\/nanotermo.com.tr\/de\/wp-json\/wp\/v2\/pages"}],"about":[{"href":"https:\/\/nanotermo.com.tr\/de\/wp-json\/wp\/v2\/types\/page"}],"author":[{"embeddable":true,"href":"https:\/\/nanotermo.com.tr\/de\/wp-json\/wp\/v2\/users\/2"}],"replies":[{"embeddable":true,"href":"https:\/\/nanotermo.com.tr\/de\/wp-json\/wp\/v2\/comments?post=7497"}],"version-history":[{"count":0,"href":"https:\/\/nanotermo.com.tr\/de\/wp-json\/wp\/v2\/pages\/7497\/revisions"}],"wp:attachment":[{"href":"https:\/\/nanotermo.com.tr\/de\/wp-json\/wp\/v2\/media?parent=7497"}],"curies":[{"name":"wp","href":"https:\/\/api.w.org\/{rel}","templated":true}]}}