
{"id":7656,"date":"2022-05-21T10:51:44","date_gmt":"2022-05-21T10:51:44","guid":{"rendered":"https:\/\/nanotermo.com.tr\/urun\/far-infrared-ayak-saunasi\/"},"modified":"2025-05-02T20:55:18","modified_gmt":"2025-05-02T20:55:18","slug":"fern-infrarot-sauna-fuer-taille-nacken-und-fuesse","status":"publish","type":"product","link":"https:\/\/nanotermo.com.tr\/de\/urun\/fern-infrarot-sauna-fuer-taille-nacken-und-fuesse\/","title":{"rendered":"Fern-Infrarot-Sauna f\u00fcr Taille, Nacken und F\u00fc\u00dfe"},"content":{"rendered":"<p>Es wird mit Ferninfrarot-Technologie hergestellt.<\/p>\n<p>Es hat eine Gr\u00f6\u00dfe von 45 x 55 cm.<\/p>\n<p>Die Temperatur ist einstellbar.<\/p>\n<p>Spezieller Keramikstein.<\/p>\n<p>Es wiegt 2 kg.<\/p>\n<p>Es ist tragbar.<\/p>\n<p>Gesunde Nano-Heizung<\/p>\n<p>Es verf\u00fcgt \u00fcber ISO-, CE-, TSE- und OHSAS-Zertifikate<\/p>\n<p>2 Jahre Garantie<\/p>\n","protected":false},"excerpt":{"rendered":"<p>Es wird mit Ferninfrarot-Technologie hergestellt. Fern-Infrarot-Sauna f\u00fcr Taille, Nacken und F\u00fc\u00dfe.<\/p>\n","protected":false},"featured_media":7175,"comment_status":"open","ping_status":"closed","template":"","meta":[],"product_brand":[],"product_cat":[104,105],"product_tag":[113,106,107,108,109,110],"class_list":{"0":"post-7656","1":"product","2":"type-product","3":"status-publish","4":"has-post-thumbnail","6":"product_cat-alle-produkte-de","7":"product_cat-sauna-de","8":"product_tag-fubsauna-de","9":"product_tag-haussauna-de","10":"product_tag-infrarotsauna-de","11":"product_tag-minisauna-de","12":"product_tag-saglikli-kilo-verme-de","13":"product_tag-sauna-de","15":"first","16":"outofstock","17":"sale","18":"shipping-taxable","19":"purchasable","20":"product-type-simple"},"_links":{"self":[{"href":"https:\/\/nanotermo.com.tr\/de\/wp-json\/wp\/v2\/product\/7656","targetHints":{"allow":["GET"]}}],"collection":[{"href":"https:\/\/nanotermo.com.tr\/de\/wp-json\/wp\/v2\/product"}],"about":[{"href":"https:\/\/nanotermo.com.tr\/de\/wp-json\/wp\/v2\/types\/product"}],"replies":[{"embeddable":true,"href":"https:\/\/nanotermo.com.tr\/de\/wp-json\/wp\/v2\/comments?post=7656"}],"wp:featuredmedia":[{"embeddable":true,"href":"https:\/\/nanotermo.com.tr\/de\/wp-json\/wp\/v2\/media\/7175"}],"wp:attachment":[{"href":"https:\/\/nanotermo.com.tr\/de\/wp-json\/wp\/v2\/media?parent=7656"}],"wp:term":[{"taxonomy":"product_brand","embeddable":true,"href":"https:\/\/nanotermo.com.tr\/de\/wp-json\/wp\/v2\/product_brand?post=7656"},{"taxonomy":"product_cat","embeddable":true,"href":"https:\/\/nanotermo.com.tr\/de\/wp-json\/wp\/v2\/product_cat?post=7656"},{"taxonomy":"product_tag","embeddable":true,"href":"https:\/\/nanotermo.com.tr\/de\/wp-json\/wp\/v2\/product_tag?post=7656"}],"curies":[{"name":"wp","href":"https:\/\/api.w.org\/{rel}","templated":true}]}}