
{"id":7668,"date":"2022-06-11T20:44:37","date_gmt":"2022-06-11T20:44:37","guid":{"rendered":"https:\/\/nanotermo.com.tr\/urun\/4-fonksiyonlu-uv-c-ionizer-ozon-cihazi\/"},"modified":"2022-06-12T19:22:56","modified_gmt":"2022-06-12T19:22:56","slug":"4-funktions-uv-c-und-ionisator-ozongerat","status":"publish","type":"product","link":"https:\/\/nanotermo.com.tr\/de\/urun\/4-funktions-uv-c-und-ionisator-ozongerat\/","title":{"rendered":"4-Funktions-UV-C- und Ionisator-Ozonger\u00e4t"},"content":{"rendered":"<p>Intelligenter Luftreinigungs-Sterilisator mit 4-Funktions-UV-C- und Ionisator-Ozon-Technologie<\/p>\n<p>Sterilisieren Sie sowohl Ihre Luft als auch Ihre Lebensmittel und Gegenst\u00e4nde mit Ozon, dem st\u00e4rksten Sterilisator der Natur, und einem UV-C-Ionisator.<\/p>\n<p>Ozon, der st\u00e4rkste Sterilisator der Welt, hat eine hervorragende Sterilisationsleistung von 99,9 %.Mit DRAIRCLEANER wird Ihre Arbeitseffizienz mit der Bergbrise in Ihrem Zuhause und am Arbeitsplatz gesteigert. Anionen erzeugende Wirkung; Es beseitigt Tabakgeruch, sch\u00fctzt Sie vor Passivrauchen und h\u00e4lt die Raumluft sauber und frisch. Es beseitigt schlechte Ger\u00fcche wie Feuchtigkeit, Schimmel, Essen, Gas, Toilette, Zigarette usw. Es neutralisiert und eliminiert Bakterien, Staub, Schimmel, Viren und Pollen in der Luft.<\/p>\n<p>EINIGE WICHTIGE FAKTEN \u00dcBER HAUSSTAUBMILBEN:<\/p>\n<p>Wir verlieren jeden Tag bis zu 10.000 abgestorbene Hautzellen, und das meiste davon landet auf unseren Betten.<br \/>\nHausmilben ern\u00e4hren sich von menschlicher Haut, Haarschuppen und Schuppen. Sie geh\u00f6ren zur selben Familie wie Zecken und Spinnen.<br \/>\nDie Milben sind fast durchsichtig und etwa einen Drittel Millimeter lang.<br \/>\nSie sind mit blo\u00dfem Auge nicht leicht zu erkennen, k\u00f6nnen aber mit einer Lupe oder einem Mikroskop gesehen werden.<br \/>\nSie haben keine Augen, sie haben acht Beine. Ihre durchschnittliche Lebensdauer betr\u00e4gt 3-4 Monate.<br \/>\nEine weibliche Milbe legt 300 Eier.<\/p>\n<p>&nbsp;<\/p>\n<p>Einsatzbereiche<\/p>\n<p>* Bei der Desinfektion von Innenr\u00e4umen (Milben, Milben, Viren, Bakterien etc.)<\/p>\n<p>*\u00a0 Desinfektionsbakterien in Badezimmern und Toiletten<\/p>\n<p>*\u00a0 Desinfizieren der verbleibenden Sp\u00fclmittelr\u00fcckst\u00e4nde auf dem gesp\u00fclten Geschirr<\/p>\n<p>*\u00a0 Landwirtschaftliche Pestizide usw., die auf Obst und Gem\u00fcse zur\u00fcckgeblieben sind. bei der Desinfektion<\/p>\n<p>*\u00a0 Desinfektion von Flaschen, Schnullern und Spielzeugen, die von Babys verwendet werden<\/p>\n<p>*\u00a0 Schimmel und Pilze in Kleiderschr\u00e4nken desinfizieren<\/p>\n<p>*\u00a0 Desinfektionst\u00fccher und -schw\u00e4mme<\/p>\n<p>&nbsp;<\/p>\n<p>Einsatzbereiche<\/p>\n<p>&nbsp;<\/p>\n<p>DESINFEKTION<\/p>\n<p>Die Umgebungen, in denen wir leben, enthalten viele Mikroorganismen. Diese Organismen stellen eine Gefahr f\u00fcr unsere Gesundheit dar. Mikroorganismen vermehren sich in geeigneten Umgebungen, beeintr\u00e4chtigen unser Immunsystem und verursachen zahlreiche Krankheiten.<\/p>\n<p>Heutzutage hat die Verschmutzung durch den menschlichen Faktor \u00fcberm\u00e4\u00dfig zugenommen, und der nat\u00fcrliche Ozongaskreislauf ist f\u00fcr diese Verschmutzung unzureichend geworden. Aus diesem Grund gab es eine Zunahme epidemischer Krankheiten.<\/p>\n<p>&nbsp;<\/p>\n<p>Kennen Sie die Feinde in Ihrem Haus?<\/p>\n<p>HAUSSTAUBGRUPPE!<\/p>\n<p>&nbsp;<\/p>\n<p>Sie verursachen Beschwerden wie Asthma, Ekzeme, Bronchitis, Infektionen der Atemwege, juckende Augen, nicht enden wollende Kopfschmerzen, Schwindel, verstopfte Nase am Morgen und sogar einen depressiven Zustand, sobald sie morgens aufwachen.<br \/>\nHausstaubmilben werden mit ihrem medizinischen Namen \u201eMilbe\u201c genannt. Der h\u00e4ufigste Typ wird &#8222;Dermatophagoid&#8220; genannt, was Hautfresser bedeutet.<br \/>\nDiese parasit\u00e4ren Insekten leben normalerweise in Teppichen, L\u00e4ufern, Steppdecken, Kissen, pelzigen Gegenst\u00e4nden und Spielzeug.Sie beziehen die f\u00fcr ihr \u00dcberleben notwendigen N\u00e4hrstoffe aus menschlicher Haut und Federresten.Ihren Wasserbedarf beziehen sie aus der Luftfeuchtigkeit.<br \/>\nAus diesen Gr\u00fcnden leben und vermehren sie sich dort, wo Menschen sind, in feuchter Umgebung und auf haarigem Boden. Es hat eine Gr\u00f6\u00dfe von 30-40 Mikron (1 Mikron ist ein tausendstel Millimeter) im Durchmesser, und 1000 davon passen pro Stift. Sie vermehren sich durch Eiablage. Die aus dem Ei schl\u00fcpfenden Nachkommen werden in 3 Wochen erwachsen und beginnen sich zu vermehren.<br \/>\nDas h\u00e4ufigste Allergen der Hausstaubmilbe ist ihr Kot. Sie vermischen sich mit der Umgebungsluft durch Gehen, Achselzucken und \u00e4hnliche Bewegungen auf dem Kot, den sie auf den Teppichen, Vorlegern, Vorh\u00e4ngen usw. hinterlassen, in denen sie leben, und sie passieren leicht die Nase und erreichen die Atemwege und verursachen meistens allergisches Asthma .<br \/>\nDa Schlafzimmer die l\u00e4ngste Zeit sind, die eine Person im Haus verbringt, ist das Schlafzimmer der h\u00e4ufigste Ort, an dem Milbenallergene auftreten. Milbenallergene finden sich auch in staubigen Haushaltsgegenst\u00e4nden wie Kissen, Matratzen, Teppichen und stoffbezogenen M\u00f6beln sowie an Orten wie Lagerhallen und Silos. Das Einatmen dieser Allergene f\u00fchrt beim Patienten zu allergischen Beschwerden.<br \/>\nEin Gramm Streustaub kann zwischen 2.000 und 15.000 Milben enthalten. Eine Allergie gegen Hausstaubmilben verursacht Asthma-Vernititis und selten Konjunktivitis. Beschwerden beginnen vor allem nach dem Aufwachen aus dem Schlaf.<\/p>\n<p>EINIGE WICHTIGE FAKTEN \u00dcBER HAUSSTAUBMILBEN:<\/p>\n<p>&nbsp;<\/p>\n<p>Wir verlieren jeden Tag bis zu 10.000 abgestorbene Hautzellen, und das meiste davon landet auf unseren Betten.<br \/>\nHausmilben ern\u00e4hren sich von menschlicher Haut, Haarschuppen und Schuppen. Sie geh\u00f6ren zur selben Familie wie Zecken und Spinnen.<br \/>\nDie Milben sind fast durchsichtig und etwa einen Drittel Millimeter lang.<br \/>\nSie sind mit blo\u00dfem Auge nicht leicht zu erkennen, k\u00f6nnen aber mit einer Lupe oder einem Mikroskop gesehen werden.<br \/>\nSie haben keine Augen, sie haben acht Beine. Ihre durchschnittliche Lebensdauer betr\u00e4gt 3-4 Monate.<br \/>\nEine weibliche Milbe legt 300 Eier.<\/p>\n<p>&nbsp;<\/p>\n<p>Einsatzbereiche<\/p>\n<p>* Bei der Desinfektion von Innenr\u00e4umen (Milben, Milben, Viren, Bakterien etc.)<\/p>\n<p>*\u00a0 Desinfektionsbakterien in Badezimmern und Toiletten<\/p>\n<p>*\u00a0 Desinfizieren der verbleibenden Sp\u00fclmittelr\u00fcckst\u00e4nde auf dem gesp\u00fclten Geschirr<\/p>\n<p>*\u00a0 Landwirtschaftliche Pestizide usw., die auf Obst und Gem\u00fcse zur\u00fcckgeblieben sind. bei der Desinfektion<\/p>\n<p>*\u00a0 Desinfektion von Flaschen, Schnullern und Spielzeugen, die von Babys verwendet werden<\/p>\n<p>*\u00a0 Schimmel und Pilze in Kleiderschr\u00e4nken desinfizieren<\/p>\n<p>* Klar<\/p>\n<p>bei der Desinfektion von Haart\u00fcchern und Schw\u00e4mmen<\/p>\n<p>&nbsp;<\/p>\n<p>RAUCH- UND GERUCHSBESEITIGUNG<br \/>\nIn Wohnr\u00e4umen, Zuhause, Arbeitsplatz, Schule, Kino, Hotel etc. Es hat die Eigenschaft, stellenweise organische oder synthetische Ger\u00fcche zu eliminieren.<br \/>\nIn einer Umgebung, in der Menschen \u00fcberf\u00fcllt sind, verhindert die Ozonung Zigarettenrauch, Essen, Trinken, Parf\u00fcm, Hautgeruch, starke Ger\u00fcche nach gekochtem Fisch, starke Ger\u00fcche, die sich im Laufe der Zeit in Autos bilden, und Krankheiten, die von Mensch zu Mensch durch die Luft \u00fcbertragen werden k\u00f6nnen, und schafft ein Gef\u00fchl von Frische in der Luft.<br \/>\nDadurch bleiben die Menschen fit und die M\u00fcdigkeit nimmt ab.<br \/>\nIn Wohnr\u00e4umen, Zuhause, Arbeitsplatz, Schule, Kino, Hotel etc. Es hat die Eigenschaft, stellenweise organische oder synthetische Ger\u00fcche zu eliminieren.<br \/>\nIn einer Umgebung, in der Menschen \u00fcberf\u00fcllt sind, verhindert die Ozonung Zigarettenrauch, Essen, Trinken, Parf\u00fcm, Hautgeruch, starke Ger\u00fcche nach gekochtem Fisch, starke Ger\u00fcche, die sich im Laufe der Zeit in Autos bilden, und Krankheiten, die von Mensch zu Mensch durch die Luft \u00fcbertragen werden k\u00f6nnen, und schafft ein Gef\u00fchl von Frische in der Luft.<br \/>\nDadurch bleiben die Menschen fit und die M\u00fcdigkeit nimmt ab.<\/p>\n","protected":false},"excerpt":{"rendered":"<p>Do\u011fan\u0131n en g\u00fc\u00e7l\u00fc sterilizat\u00f6r\u00fc Ozon ile UV C \u0130onizer ile hem havan\u0131z\u0131 hem de yiyecek ve e\u015fyalar\u0131n\u0131z\u0131 sterilize edin..<\/p>\n","protected":false},"featured_media":7445,"comment_status":"closed","ping_status":"closed","template":"","meta":[],"product_brand":[],"product_cat":[104,136,137],"product_tag":[],"class_list":{"0":"post-7668","1":"product","2":"type-product","3":"status-publish","4":"has-post-thumbnail","6":"product_cat-alle-produkte-de","7":"product_cat-andere-produkte-de","8":"product_cat-ozon-produkte-de","10":"first","11":"instock","12":"sale","13":"shipping-taxable","14":"purchasable","15":"product-type-simple"},"_links":{"self":[{"href":"https:\/\/nanotermo.com.tr\/de\/wp-json\/wp\/v2\/product\/7668","targetHints":{"allow":["GET"]}}],"collection":[{"href":"https:\/\/nanotermo.com.tr\/de\/wp-json\/wp\/v2\/product"}],"about":[{"href":"https:\/\/nanotermo.com.tr\/de\/wp-json\/wp\/v2\/types\/product"}],"replies":[{"embeddable":true,"href":"https:\/\/nanotermo.com.tr\/de\/wp-json\/wp\/v2\/comments?post=7668"}],"wp:featuredmedia":[{"embeddable":true,"href":"https:\/\/nanotermo.com.tr\/de\/wp-json\/wp\/v2\/media\/7445"}],"wp:attachment":[{"href":"https:\/\/nanotermo.com.tr\/de\/wp-json\/wp\/v2\/media?parent=7668"}],"wp:term":[{"taxonomy":"product_brand","embeddable":true,"href":"https:\/\/nanotermo.com.tr\/de\/wp-json\/wp\/v2\/product_brand?post=7668"},{"taxonomy":"product_cat","embeddable":true,"href":"https:\/\/nanotermo.com.tr\/de\/wp-json\/wp\/v2\/product_cat?post=7668"},{"taxonomy":"product_tag","embeddable":true,"href":"https:\/\/nanotermo.com.tr\/de\/wp-json\/wp\/v2\/product_tag?post=7668"}],"curies":[{"name":"wp","href":"https:\/\/api.w.org\/{rel}","templated":true}]}}