
{"id":7674,"date":"2022-06-11T20:45:58","date_gmt":"2022-06-11T20:45:58","guid":{"rendered":"https:\/\/nanotermo.com.tr\/urun\/ozon-cihazi\/"},"modified":"2022-06-12T19:27:38","modified_gmt":"2022-06-12T19:27:38","slug":"ozongeraet-mehrzweck","status":"publish","type":"product","link":"https:\/\/nanotermo.com.tr\/de\/urun\/ozongeraet-mehrzweck\/","title":{"rendered":"Ozonger\u00e4t (Mehrzweck)"},"content":{"rendered":"<h2>REINIGUNG VON LUFT, LEBENSMITTELN UND WASSER MIT EINEM OZONGER\u00c4T<\/h2>\n<p>Dr Air Cleaner\u00a0Ozone\u00a0Gas Feature: Der weltweit leistungsst\u00e4rkste Sterilisator, Ozon, hat zu 99,9 % eine hervorragende Sterilisationsleistung.<\/p>\n<p>Dr Air Cleaner zerst\u00f6rt Feuchtigkeit, Schimmel, Lebensmittel, Gas, Toilette, Zigarette usw. Schlechte Ger\u00fcche.<\/p>\n<p>Dr Air Cleaner\u00a0Es neutralisiert und beseitigt Bakterien, Staub, Schimmel, Viren und Pollen in der Luft. Es hat die Eigenschaft, 400 mg Ozon abzugeben.<\/p>\n<p>Mit Dr. Air Cleaner k\u00f6nnen Sie auch Gem\u00fcse und Obst, das Sie auf dem Markt kaufen, desinfizieren. Es kann zur Desinfektion von Fleisch, H\u00e4hnchen und Fisch verwendet werden, die beim Metzger gekauft wurden.<\/p>\n<p>Extrem wirksam gegen chemische Agrochemikalien in Gem\u00fcse und Obst mit Dr Air Cleaner. Es verl\u00e4ngert auch die Zerfalls- und Zersetzungszeiten und hilft ihm, seine Frische zu bewahren.<\/p>\n<p>Wenn wir davon ausgehen, dass Krankheiten \u00fcber die Luft \u00fcbertragen werden, reduziert die Desinfektion der Umgebung die \u00dcbertragung von Atemwegserkrankungen auf ein Minimum.<\/p>\n<p>Achtung: Es wird empfohlen, sich nicht im Raum aufzuhalten, w\u00e4hrend der Ozonungsprozess durchgef\u00fchrt wird. Sie k\u00f6nnen den ozongereinigten Bereich 5 bis 10 Minuten nach Beendigung des Ozonisierungsprozesses verwenden. Ozongas hat eine schnelle Dispersion und eine Reinigungs- und Desinfektionsfunktion von 99,9 %.<\/p>\n<h2>So verwenden Sie unser Ger\u00e4t:<\/h2>\n<p><strong>LOKALE ANWENDUNGSMETHODEN F\u00dcR DEN K\u00d6RPER:<\/strong><\/p>\n<p>Bei der Bagging-Methode wird t\u00e4glich 15 Minuten lang Ozongas gegeben (vor der Anwendung werden die F\u00fc\u00dfe angefeuchtet und die Anwendung mit einem Beutel mit starker Verschlussfunktion auf die F\u00fc\u00dfe aufgetragen).<br \/>\nDie Hautpflege- und Reinigungsanwendung erfolgt mit ozonisiertem Wasser oder Oliven\u00f6l.<br \/>\nWie bei der Beutelmethode wird Ihre Atmung nicht beeintr\u00e4chtigt.Eine tragbare Saunaanwendung, die nur f\u00fcr die Anwendung auf Ihrem K\u00f6rper bestimmt ist, kann durchgef\u00fchrt werden.<\/p>\n<p><strong>ANWENDUNGSMETHODEN IN DER HAUSUMGEBUNG<\/strong><\/p>\n<p><strong>ANWENDUNGSMETHODEN ZUR RAUMREINIGUNG:<\/strong><\/p>\n<p>Ozonisieren Sie den Raum, in dem Sie sitzen, f\u00fcr 20 Minuten bis 40 Minuten, je nach Gr\u00f6\u00dfe des Raums, um den Staub, der durch die Stickigkeit, insbesondere an Wintertagen, verursacht wird, und den Geruch von Blumen oder Haustieren im Raum zu beseitigen. sorgt f\u00fcr eine sauberere und ger\u00e4umigere Umgebung im Inneren. \uf0b7 Es sollte angewendet werden, um Zigaretten- und unerw\u00fcnschte schlechte Ger\u00fcche im Raum zu beseitigen.<\/p>\n<p><strong>ANWENDUNGSMETHODEN F\u00dcR DIE K\u00dcCHE:<\/strong><\/p>\n<p>F\u00fcllen Sie Ihr von au\u00dfen gekauftes Gem\u00fcse und Obst in einen mit Wasser gef\u00fcllten Beh\u00e4lter und wenden Sie Ozon f\u00fcr etwa 15 Minuten an.Sie werden sehen, dass Ihr Gem\u00fcse besser gereinigt wird. \uf0b7 Ozonisierung von 10 Liter Wasser f\u00fcr 10 Minuten zur Verwendung in Flaschen und Kr\u00fcgen, die Sie als Trinkwasser verwenden, erm\u00f6glicht es Ihnen, sauberes Wasser zu trinken.<\/p>\n<p>Wenn die K\u00fcche w\u00e4hrend oder nach dem Kochen 20 Minuten lang ozonisiert wird, verschwindet der Geruch von gekochten Speisen im Raum.<\/p>\n<p>Hinweis: Es wird empfohlen, sich w\u00e4hrend der Ozonisierung nicht lange in der K\u00fcche aufzuhalten.<\/p>\n<p>Die Ozonisierungszeit betr\u00e4gt 30 Minuten beim Garen von Fisch und H\u00e4hnchen.<\/p>\n<p>Es wird verwendet, um Produkte wie Tassen, Teller, Schnuller, Flaschen f\u00fcr Babynahrung und Getr\u00e4nke von Babys zu desinfizieren.<\/p>\n<p><strong>ANWENDUNGSVERFAHREN F\u00dcR BAD UND WC:<\/strong><\/p>\n<p>Durch regelm\u00e4\u00dfiges Auftragen in Bad und WC wird Geruchsbildung durch Schimmel, N\u00e4sse und N\u00e4sse vorgebeugt. Es sorgt f\u00fcr eine sauberere, bakterienfreie Umgebung.<\/p>\n<p>Besonders nach dem Waschen Ihrer Baby- und Kinderkleidung und Unterw\u00e4sche in einem Eimer voll Wasser sorgt eine 30-min\u00fctige Ozonanwendung zur Reinigung der Waschmittel- und Seifenreste daf\u00fcr, dass Waschmittel und R\u00fcckst\u00e4nde aus der Kleidung entfernt werden.<\/p>\n<p>Es hat die Eigenschaft, Ger\u00fcche zu beseitigen, die durch chemische Produkte in Badezimmern und Waschr\u00e4umen entstehen.<\/p>\n","protected":false},"excerpt":{"rendered":"<p>REINIGUNG VON LUFT, LEBENSMITTELN UND WASSER MIT EINEM OZONGER\u00c4T Dr Air Cleaner\u00a0Ozone\u00a0Gas Feature: Der weltweit leistungsst\u00e4rkste Sterilisator, Ozon, hat zu 99,9 % eine hervorragende Sterilisationsleistung. Dr Air Cleaner zerst\u00f6rt Feuchtigkeit,&#8230;<\/p>\n","protected":false},"featured_media":7457,"comment_status":"closed","ping_status":"closed","template":"","meta":[],"product_brand":[],"product_cat":[104,136,137],"product_tag":[],"class_list":{"0":"post-7674","1":"product","2":"type-product","3":"status-publish","4":"has-post-thumbnail","6":"product_cat-alle-produkte-de","7":"product_cat-andere-produkte-de","8":"product_cat-ozon-produkte-de","10":"first","11":"instock","12":"sale","13":"shipping-taxable","14":"purchasable","15":"product-type-simple"},"_links":{"self":[{"href":"https:\/\/nanotermo.com.tr\/de\/wp-json\/wp\/v2\/product\/7674","targetHints":{"allow":["GET"]}}],"collection":[{"href":"https:\/\/nanotermo.com.tr\/de\/wp-json\/wp\/v2\/product"}],"about":[{"href":"https:\/\/nanotermo.com.tr\/de\/wp-json\/wp\/v2\/types\/product"}],"replies":[{"embeddable":true,"href":"https:\/\/nanotermo.com.tr\/de\/wp-json\/wp\/v2\/comments?post=7674"}],"wp:featuredmedia":[{"embeddable":true,"href":"https:\/\/nanotermo.com.tr\/de\/wp-json\/wp\/v2\/media\/7457"}],"wp:attachment":[{"href":"https:\/\/nanotermo.com.tr\/de\/wp-json\/wp\/v2\/media?parent=7674"}],"wp:term":[{"taxonomy":"product_brand","embeddable":true,"href":"https:\/\/nanotermo.com.tr\/de\/wp-json\/wp\/v2\/product_brand?post=7674"},{"taxonomy":"product_cat","embeddable":true,"href":"https:\/\/nanotermo.com.tr\/de\/wp-json\/wp\/v2\/product_cat?post=7674"},{"taxonomy":"product_tag","embeddable":true,"href":"https:\/\/nanotermo.com.tr\/de\/wp-json\/wp\/v2\/product_tag?post=7674"}],"curies":[{"name":"wp","href":"https:\/\/api.w.org\/{rel}","templated":true}]}}