
{"id":7730,"date":"2022-06-15T22:14:51","date_gmt":"2022-06-15T22:14:51","guid":{"rendered":"https:\/\/nanotermo.com.tr\/?post_type=product&#038;p=7730"},"modified":"2022-06-15T22:23:33","modified_gmt":"2022-06-15T22:23:33","slug":"mundpflege-spray","status":"publish","type":"product","link":"https:\/\/nanotermo.com.tr\/de\/urun\/mundpflege-spray\/","title":{"rendered":"Mundpflege-Spray"},"content":{"rendered":"<div id=\"section-gacaecf\" class=\"wp-block-gutentor-e1 section-gacaecf gutentor-element gutentor-element-advanced-text text-align-left-desktop text-align-left-tablet text-align-left-mobile\">\n<div class=\"gutentor-text-wrap\">\n<h2>84 EINZIGARTIGE MINERALISCHE NAT\u00dcRLICHKEIT AUS BORD UND NATUR<\/h2>\n<p>Mit 22 Jahren Hersteller- und F&amp;E-Erfahrung im Bereich der kosmetischen Medizin sind wir mit Nationalstolz bei Ihnen.<\/p>\n<p>Kaltes Wetter, Allergien und sogar Klimaanlagen k\u00f6nnen uns beeintr\u00e4chtigen, selbst wenn unsere Gesundheit am besten ist. Verschiedene Bakterien, Viren, Schnupfen, Niesen, Schnupfen, Trockenheit und Druck in den Nebenh\u00f6hlen, die heute durch \u00e4u\u00dfere Einfl\u00fcsse verursacht werden, beeintr\u00e4chtigen unsere Atemleistung und Lebensqualit\u00e4t. Denn eine ger\u00f6tete und empfindliche Nase kann ihre Funktionen nicht voll erf\u00fcllen, wenn sie st\u00e4ndig beruhigt werden muss. (Diese Informationen stammen aus allgemeinen Quellen.)<\/p>\n<p>Ob Ihre Beschwerden Heuschnupfen, Erk\u00e4ltung oder Grippe sind, RENOVAL KORONRED hilft Ihnen, angenehm zu atmen. Ihr Immunsystem mit seiner reichhaltigen Mineralstruktur ist immer mit Ihnen in Ihrem Kampf gegen die Au\u00dfenwelt mit dem Beitrag von 84 QUALIT\u00c4T PROZENT NAT\u00dcRLICHEN 84 NAT\u00dcRLICHEN MINERALIEN. zum ; Bei regelm\u00e4\u00dfiger Anwendung hilft es Ihnen, den einzigartigen Komfort im Mundbereich in den Atemwegen zu sp\u00fcren.<\/p>\n<p><strong>VERWENDUNGSZWECK:<\/strong><br \/>\n-Vor dem Betreten \u00fcberf\u00fcllter Umgebungen<br \/>\n-Vor dem Einsteigen in \u00f6ffentliche Verkehrsmittel<br \/>\n-Vor dem Betreten der klimatisierten Umgebungen<br \/>\n&#8211; Es wird empfohlen, ZWEI DOSEN IN UNSEREN MUND ZU SP\u00dcHEN UND DURCH SPR\u00dcHEN VON 250 cc UND DREI DOSEN IN IHREM T\u00c4GLICHEN WASSERVERBRAUCH ZU TRINKEN, einschlie\u00dflich kleiner Personen.<\/p>\n<h2>Produktvorteile\/Vorteile:<\/h2>\n<p>&#8211; 100 % nat\u00fcrlich<br \/>\n-Physiologische Ph 7.54<br \/>\n-Klinische Tests abgeschlossen und HAT KEINE NEBENWIRKUNGEN AUF DIE MENSCHLICHE GESUNDHEIT<br \/>\n&#8211; Bei versehentlichem Verzehr treten keine sch\u00e4dlichen Nebenwirkungen auf, die ein sofortiges Eingreifen erfordern.<br \/>\n-Einfache Anwendung<br \/>\n-Baby, Kind, Erwachsene und alte Menschen k\u00f6nnen es benutzen<br \/>\n-Enth\u00e4lt keine chemischen Zus\u00e4tze<\/p>\n<h2>PRODUKTINHALT<\/h2>\n<p>Eine fl\u00fcssige L\u00f6sung mit einem physiologischen PH-Wert von 7,54 mit 84 aktiven Mineralstrukturen, die f\u00fcr die Bildung von Omega3-4-5-7-11 im K\u00f6rper sorgen, wie speziell verarbeitetes, formuliertes und aktiviertes BOR-Mineral, Vitamin D, Vitamin E , Eisen, Kalzium und Magnesium.<\/p>\n<p>WIR M\u00d6CHTEN \u00dcBER DIE VORTEILE DES 83 MINERAL UND DER PFEIFE BEI \u200b\u200bDER ORALEN ANWENDUNG SPRECHEN.<\/p>\n<p>DIESER KURZE ARTIKEL ENTSTEHT WISSENSCHAFTLICHEN QUELLEN.<\/p>\n<p>Dank der einzigartigen Eigenschaften von Borprodukten in der Natur ist es fast unm\u00f6glich, sie zu ersetzen. Die Ergebnisse der heutigen Forschung zeigen, dass der Mensch t\u00e4glich bestimmte Mengen an Bor ben\u00f6tigt. AUCH BEI DER ERSCHAFFUNG DES MENSCHEN IST ES MIT 84 MINERALIEN UND UNSEREM INHALT GLEICH, UND ES SIND 84 MINERALIEN UND BOR IN UNSEREM K\u00d6RPER.<\/p>\n<p>Bor, das zu den wertvollsten unterirdischen Ressourcen der T\u00fcrkei geh\u00f6rt; In \u00dcbereinstimmung mit der durchgef\u00fchrten Forschung tr\u00e4gt es erheblich zur menschlichen Gesundheit bei. Bor, das im menschlichen K\u00f6rper in geringen Mengen ben\u00f6tigt wird; Es ist ein Mineral, das extern durch Nahrung und Wasser aufgenommen wird. Im Einklang mit der Forschung wurde festgestellt, dass Borprodukte positive Auswirkungen auf den menschlichen K\u00f6rper haben.<\/p>\n<p>In diese Richtung geht das Element Bor, das im Gesundheitsbereich Tag f\u00fcr Tag weite Verbreitung findet; Es hat begonnen, wirksame Ergebnisse zu erzielen, indem es bei der Behandlung vieler Krankheiten eingesetzt wird. Bor, dessen positive Wirkung im menschlichen K\u00f6rper nach wie vor nachgewiesen ist; \u00dcber die Nahrung aufgenommen reduziert es das Auftreten von M\u00fcdigkeit und Stress auf ein Minimum. Es wird auch wirksam bei der Behandlung von Prostatakrebs, der Sterilisation von Augenentz\u00fcndungen, der Herstellung von Salben und insbesondere bei der Behandlung von Hirntumoren eingesetzt. Die Bor-Neutronen-Einfangmethode, die effektiv bei der Behandlung von Hirntumoren eingesetzt wird; Es hilft, kranke Zellen selektiv zu zerst\u00f6ren und ihre Sch\u00e4digung gesunder Zellen so gering wie m\u00f6glich zu halten.<\/p>\n<p>In der Forschung im Gesundheitssektor, wo Borprodukte verwendet werden; Es wurde beobachtet, dass die Knochen st\u00e4rker werden, da Bor die Aufnahme von Kupfer, Magnesium und \u00e4hnlichen Elementen im menschlichen K\u00f6rper erh\u00f6ht. Dies hilft, Schmerzen zu lindern und die Knochenstruktur zu st\u00e4rken.<\/p>\n<p>Bor, reguliert das Gleichgewicht von Calcium, Magnesium und Phosphor im menschlichen Stoffwechsel; Es tr\u00e4gt auch zur Entwicklung von Muskel- und Gehirnfunktionen bei, indem es das Phosphorgleichgewicht auf ein optimales Niveau bringt. Auch Bor; Es wird auch h\u00e4ufig bei der Behandlung von allergischen Erkrankungen, Psychiatrie, Knochenaufbau und Arthritis (bei der Behandlung von entz\u00fcndlichem Rheumatismus) eingesetzt.<\/p>\n<p>Mit 22 Jahren Erfahrung in der Branche und unserer starken F&amp;E-Struktur werden wir immer weiter f\u00fcr unser Land und die Welt arbeiten.<\/p>\n<\/div>\n<\/div>\n","protected":false},"excerpt":{"rendered":"<p>Eine fl\u00fcssige L\u00f6sung mit einem physiologischen PH-Wert von 7,54 mit 84 aktiven Mineralstrukturen, die f\u00fcr die Bildung von Omega3-4-5-7-11 im K\u00f6rper sorgen, wie speziell verarbeitetes, formuliertes und aktiviertes BOR-Mineral, Vitamin D, Vitamin E , Eisen, Kalzium und Magnesium.<\/p>\n","protected":false},"featured_media":0,"comment_status":"closed","ping_status":"closed","template":"","meta":[],"product_brand":[],"product_cat":[104,136,161],"product_tag":[],"class_list":{"0":"post-7730","1":"product","2":"type-product","3":"status-publish","5":"product_cat-alle-produkte-de","6":"product_cat-andere-produkte-de","7":"product_cat-spreyler-de","9":"first","10":"instock","11":"sale","12":"shipping-taxable","13":"purchasable","14":"product-type-simple"},"_links":{"self":[{"href":"https:\/\/nanotermo.com.tr\/de\/wp-json\/wp\/v2\/product\/7730","targetHints":{"allow":["GET"]}}],"collection":[{"href":"https:\/\/nanotermo.com.tr\/de\/wp-json\/wp\/v2\/product"}],"about":[{"href":"https:\/\/nanotermo.com.tr\/de\/wp-json\/wp\/v2\/types\/product"}],"replies":[{"embeddable":true,"href":"https:\/\/nanotermo.com.tr\/de\/wp-json\/wp\/v2\/comments?post=7730"}],"wp:attachment":[{"href":"https:\/\/nanotermo.com.tr\/de\/wp-json\/wp\/v2\/media?parent=7730"}],"wp:term":[{"taxonomy":"product_brand","embeddable":true,"href":"https:\/\/nanotermo.com.tr\/de\/wp-json\/wp\/v2\/product_brand?post=7730"},{"taxonomy":"product_cat","embeddable":true,"href":"https:\/\/nanotermo.com.tr\/de\/wp-json\/wp\/v2\/product_cat?post=7730"},{"taxonomy":"product_tag","embeddable":true,"href":"https:\/\/nanotermo.com.tr\/de\/wp-json\/wp\/v2\/product_tag?post=7730"}],"curies":[{"name":"wp","href":"https:\/\/api.w.org\/{rel}","templated":true}]}}