
{"id":7736,"date":"2022-06-15T22:31:39","date_gmt":"2022-06-15T22:31:39","guid":{"rendered":"https:\/\/nanotermo.com.tr\/urun\/renoval-burun-bakim-spreyi\/"},"modified":"2022-06-15T22:39:05","modified_gmt":"2022-06-15T22:39:05","slug":"renovation-nasenpflegespray","status":"publish","type":"product","link":"https:\/\/nanotermo.com.tr\/de\/urun\/renovation-nasenpflegespray\/","title":{"rendered":"Renovation Nasenpflegespray"},"content":{"rendered":"<div id=\"section-g4567ca\" class=\"wp-block-gutentor-e1 section-g4567ca gutentor-element gutentor-element-advanced-text text-align-left-desktop text-align-left-tablet text-align-left-mobile\">\n<div class=\"gutentor-text-wrap\">\n<h2>84 EINZIGARTIGE MINERALISCHE NAT\u00dcRLICHKEIT AUS BORD UND NATUR<\/h2>\n<p>Mit 22 Jahren Hersteller- und F&amp;E-Erfahrung im Bereich der kosmetischen Medizin begleiten wir Sie mit Nationalstolz in der Branche&#8230;<\/p>\n<p>Kaltes Wetter, Allergien und sogar Klimaanlagen k\u00f6nnen uns beeintr\u00e4chtigen, selbst wenn unsere Gesundheit am besten ist. Verschiedene Bakterien, Viren, Schnupfen, Niesen, Schnupfen, Trockenheit und Druck in den Nebenh\u00f6hlen, die heute durch \u00e4u\u00dfere Einfl\u00fcsse verursacht werden, beeintr\u00e4chtigen unsere Atemleistung und Lebensqualit\u00e4t. Denn eine ger\u00f6tete und empfindliche Nase kann ihre Funktionen nicht voll erf\u00fcllen, wenn sie st\u00e4ndig eine Beruhigung braucht. (Diese Informationen stammen aus allgemeinen Quellen.)<\/p>\n<p>Egal, ob Ihre Beschwerden auf Heuschnupfen, Erk\u00e4ltung oder Grippe zur\u00fcckzuf\u00fchren sind, RENOVAL KORONRED hilft Ihnen dabei, angenehm zu atmen Beitrag von 84 QUALIT\u00c4T PROZENT NAT\u00dcRLICHEN 84 NAT\u00dcRLICHEN MINERALIEN f\u00fcr ; Bei regelm\u00e4\u00dfiger Anwendung hilft es Ihnen, den einzigartigen Komfort im Mundbereich in den Atemwegen zu sp\u00fcren.<\/p>\n<p><strong>VERWENDUNGSZWECK:<\/strong><br \/>\n-Vor dem Betreten \u00fcberf\u00fcllter Umgebungen<br \/>\n-Vor dem Einsteigen in \u00f6ffentliche Verkehrsmittel<br \/>\n-Vor dem Betreten der klimatisierten Umgebungen<br \/>\n&#8211; ZWEI (2) DOSEN Dr\u00fccken SIE AUCH BEI IHREM T\u00c4GLICHEN WASSERVERBRAUCH, DAS TRINKEN DURCH SPR\u00dcHEN VON 250 cc UND DREI DOSEN, wird auch f\u00fcr kleine Personen empfohlen.<\/p>\n<p><strong>Produktvorteile\/Vorteile:<\/strong><br \/>\n&#8211; 100 % nat\u00fcrlich<br \/>\n-Physiologische Ph 7.54<br \/>\n-Klinische Tests abgeschlossen und HAT KEINE NEBENWIRKUNGEN AUF DIE MENSCHLICHE GESUNDHEIT<br \/>\n&#8211; Bei versehentlichem Verzehr treten keine sch\u00e4dlichen Nebenwirkungen auf, die ein sofortiges Eingreifen erfordern.<br \/>\n-Einfache Anwendung<br \/>\n-Baby, Kind, Erwachsene und alte Menschen k\u00f6nnen es benutzen<br \/>\n-Enth\u00e4lt keine chemischen Zus\u00e4tze<\/p>\n<h2>\nPRODUKTINHALT<\/h2>\n<p>Eine fl\u00fcssige L\u00f6sung mit einem physiologischen PH-Wert von 7,54 mit 84 aktiven Mineralstrukturen, die f\u00fcr die Bildung von Omega3-4-5-7-11 im K\u00f6rper sorgen, wie speziell verarbeitetes, formuliertes und aktiviertes BOR-Mineral, Vitamin D, Vitamin E, Eisen, Calcium und Magnesium.<\/p>\n<p>WIR M\u00d6CHTEN \u00dcBER DIE VORTEILE VON 83 MINERALIEN UND BORE IN DER VERWENDUNG SPRECHEN<br \/>\n(DIESER ARTIKEL STAMMT WISSENSCHAFTLICHEN QUELLEN)<\/p>\n<p>Dank der einzigartigen Eigenschaften von Borprodukten in der Natur ist es fast unm\u00f6glich, sie zu ersetzen. Die Ergebnisse der heutigen Forschung zeigen, dass der Mensch t\u00e4glich bestimmte Mengen an Bor ben\u00f6tigt. AUCH BEI DER ERSCHAFFUNG DES MENSCHLICHEN MIT 84 MINERALSTOFFEN IST ES DAS GLEICHE MIT UNSEREM INHALT UND ES SIND 84 MINERALSTOFFE UND BOR IN UNSEREM K\u00d6RPER.<\/p>\n<p>Bor, das zu den wertvollsten unterirdischen Ressourcen der T\u00fcrkei geh\u00f6rt; In \u00dcbereinstimmung mit den durchgef\u00fchrten Forschungen tr\u00e4gt es erheblich zur menschlichen Gesundheit bei. Bor, das im menschlichen K\u00f6rper in geringen Mengen ben\u00f6tigt wird; Es ist ein Mineral, das extern durch Nahrung und Wasser aufgenommen wird. In \u00dcbereinstimmung mit den Untersuchungen wurde festgestellt, dass Borprodukte positive Auswirkungen auf den menschlichen K\u00f6rper haben.<\/p>\n<p>In diese Richtung geht das Element Bor, das im Gesundheitsbereich Tag f\u00fcr Tag weite Verbreitung findet; Es hat begonnen, wirksame Ergebnisse zu erzielen, indem es bei der Behandlung vieler Krankheiten eingesetzt wird. Bor, dessen positive Wirkung im menschlichen K\u00f6rper nach wie vor nachgewiesen ist; \u00dcber die Nahrung aufgenommen reduziert es das Auftreten von M\u00fcdigkeit und Stress auf ein Minimum.<\/p>\n<p>Es wird auch wirksam bei der Behandlung von Prostatakrebs, der Sterilisation von Augenentz\u00fcndungen, der Herstellung von Salben und insbesondere bei der Behandlung von Hirntumoren eingesetzt. Mit der Boron Neutron Capture-Methode, die effektiv bei der Behandlung von Hirntumoren eingesetzt wird; Es hilft, kranke Zellen selektiv zu zerst\u00f6ren und ihre Sch\u00e4digung gesunder Zellen so gering wie m\u00f6glich zu halten.<\/p>\n<p>In den Forschungen im Gesundheitssektor, wo Borprodukte verwendet werden; Es wurde beobachtet, dass die Knochen st\u00e4rker werden, da Bor die Aufnahme von Kupfer, Magnesium und \u00e4hnlichen Elementen im menschlichen K\u00f6rper erh\u00f6ht. Dies hilft, Schmerzen zu lindern und die Knochenstruktur zu st\u00e4rken.<\/p>\n<p>Bor, das das Gleichgewicht von Calcium, Magnesium und Phosphor im menschlichen Stoffwechsel reguliert; Es tr\u00e4gt auch zur Entwicklung von Muskel- und Gehirnfunktionen bei, indem es das Phosphorgleichgewicht auf ein optimales Niveau bringt. Auch Bor; Es wird auch h\u00e4ufig bei der Behandlung von allergischen Erkrankungen, Psychiatrie, Knochenentwicklung und Arthritis (bei der Behandlung von entz\u00fcndlichem Rheumatismus) eingesetzt.<\/p>\n<\/div>\n<\/div>\n","protected":false},"excerpt":{"rendered":"<p>Eine fl\u00fcssige L\u00f6sung mit einem physiologischen PH-Wert von 7,54 mit 84 aktiven Mineralstrukturen, die f\u00fcr die Bildung von Omega3-4-5-7-11 im K\u00f6rper sorgen, wie speziell verarbeitetes, formuliertes und aktiviertes BOR-Mineral, Vitamin D, Vitamin E, Eisen, Calcium und Magnesium.<\/p>\n","protected":false},"featured_media":7726,"comment_status":"closed","ping_status":"closed","template":"","meta":[],"product_brand":[],"product_cat":[104,136,161],"product_tag":[],"class_list":{"0":"post-7736","1":"product","2":"type-product","3":"status-publish","4":"has-post-thumbnail","6":"product_cat-alle-produkte-de","7":"product_cat-andere-produkte-de","8":"product_cat-spreyler-de","10":"first","11":"instock","12":"sale","13":"shipping-taxable","14":"purchasable","15":"product-type-simple"},"_links":{"self":[{"href":"https:\/\/nanotermo.com.tr\/de\/wp-json\/wp\/v2\/product\/7736","targetHints":{"allow":["GET"]}}],"collection":[{"href":"https:\/\/nanotermo.com.tr\/de\/wp-json\/wp\/v2\/product"}],"about":[{"href":"https:\/\/nanotermo.com.tr\/de\/wp-json\/wp\/v2\/types\/product"}],"replies":[{"embeddable":true,"href":"https:\/\/nanotermo.com.tr\/de\/wp-json\/wp\/v2\/comments?post=7736"}],"wp:featuredmedia":[{"embeddable":true,"href":"https:\/\/nanotermo.com.tr\/de\/wp-json\/wp\/v2\/media\/7726"}],"wp:attachment":[{"href":"https:\/\/nanotermo.com.tr\/de\/wp-json\/wp\/v2\/media?parent=7736"}],"wp:term":[{"taxonomy":"product_brand","embeddable":true,"href":"https:\/\/nanotermo.com.tr\/de\/wp-json\/wp\/v2\/product_brand?post=7736"},{"taxonomy":"product_cat","embeddable":true,"href":"https:\/\/nanotermo.com.tr\/de\/wp-json\/wp\/v2\/product_cat?post=7736"},{"taxonomy":"product_tag","embeddable":true,"href":"https:\/\/nanotermo.com.tr\/de\/wp-json\/wp\/v2\/product_tag?post=7736"}],"curies":[{"name":"wp","href":"https:\/\/api.w.org\/{rel}","templated":true}]}}