
{"id":7744,"date":"2022-06-15T22:44:24","date_gmt":"2022-06-15T22:44:24","guid":{"rendered":"https:\/\/nanotermo.com.tr\/urun\/renoval-6li-agiz-bakim-seti\/"},"modified":"2022-06-15T22:48:29","modified_gmt":"2022-06-15T22:48:29","slug":"renoval-6-teiliges-mundpflege-set","status":"publish","type":"product","link":"https:\/\/nanotermo.com.tr\/de\/urun\/renoval-6-teiliges-mundpflege-set\/","title":{"rendered":"Renoval 6-teiliges Mundpflege-Set"},"content":{"rendered":"<section id=\"gm0c6bdd7\" class=\"wp-block-gutentor-m4 section-gm0c6bdd7 gutentor-module gutentor-advanced-columns\">\n<div class=\"grid-container\">\n<div class=\"grid-row\">\n<div id=\"col-gmc58cfd\" class=\"wp-block-gutentor-m4-col col-gmc58cfd gutentor-single-column grid-lg-7 grid-md-12 grid-12\">\n<div id=\"section-gmc58cfd\" class=\"section-gmc58cfd gutentor-col-wrap\">\n<div id=\"section-g8759bb\" class=\"wp-block-gutentor-e1 section-g8759bb gutentor-element gutentor-element-advanced-text text-align-left-desktop text-align-left-tablet text-align-left-mobile\">\n<div class=\"gutentor-text-wrap\">\n<h2>EINZIGARTIGE 84 MINARALISIERTE NAT\u00dcRLICHKEIT AUS BORD UND NATUR<\/h2>\n<p>Mit 22 Jahren Hersteller- und F&amp;E-Erfahrung im Bereich der kosmetischen Medizin stehen wir Ihnen mit Nationalstolz in der Branche zur Seite.<\/p>\n<p>Kaltes Wetter, Allergien und sogar Klimaanlagen k\u00f6nnen uns beeintr\u00e4chtigen, selbst wenn unsere Gesundheit am besten ist. Verschiedene Bakterien, Viren, Schnupfen, Niesen, Schnupfen, Trockenheit und Druck in den Nebenh\u00f6hlen, die heute durch \u00e4u\u00dfere Einfl\u00fcsse verursacht werden, beeintr\u00e4chtigen unsere Atemleistung und Lebensqualit\u00e4t. Denn eine ger\u00f6tete und empfindliche Nase kann ihre Funktionen nicht voll erf\u00fcllen, wenn sie st\u00e4ndig eine Beruhigung braucht. (Diese Informationen stammen aus allgemeinen Quellen.)<\/p>\n<p>Egal, ob Ihre Beschwerden Heuschnupfen, Erk\u00e4ltung oder Grippe sind, RENOVAL KORONRED hilft Ihnen, bequem zu atmen.Renoval KORONRED hilft Ihnen, bequem zu atmen.Im Kampf gegen die Au\u00dfenwelt ist ein starkes Immunsystem mit seinen einzigartigen QUALIT\u00c4TSPROZENTEN NAT\u00dcRLICHEN 84 QUALIT\u00c4TSMINERALIEN immer an Ihrer Seite .f\u00fcr ; Bei regelm\u00e4\u00dfiger Anwendung hilft es Ihnen, den einzigartigen Komfort im Mundbereich in den Atemwegen zu sp\u00fcren.<\/p>\n<p><strong>VERWENDUNGSZWECK:<\/strong><\/p>\n<p>-Vor dem Betreten \u00fcberf\u00fcllter Umgebungen<br \/>\n-Vor dem Einsteigen in \u00f6ffentliche Verkehrsmittel<br \/>\n-Vor dem Betreten der klimatisierten Umgebungen<br \/>\n&#8211; Es wird empfohlen, ZWEI DOSEN IN UNSEREN MUND ZU SP\u00dcHEN UND DURCH SPR\u00dcHEN VON 250 cc UND DREI DOSEN IN IHREM T\u00c4GLICHEN WASSERVERBRAUCH ZU TRINKEN, einschlie\u00dflich kleiner Personen.<br \/>\n&#8211; Bei Bedarf ist es angebracht, mindestens (3) Stunden am Tag medizinische Atemschutzger\u00e4te zu verwenden.<\/p>\n<p><strong>Produktvorteile\/Vorteile:<\/strong><br \/>\n&#8211; 100 % nat\u00fcrlich<br \/>\n-Physiologische Ph 7.54<br \/>\n-Es wurde bewiesen, dass es KEINE NEBENWIRKUNGEN AUF DIE MENSCHLICHE GESUNDHEIT hat.<br \/>\n&#8211; Bei versehentlichem Verzehr treten keine sch\u00e4dlichen Nebenwirkungen auf, die ein sofortiges Eingreifen erfordern.<br \/>\n-Einfache Anwendung<br \/>\n-Baby, Kind, Erwachsene und alte Menschen k\u00f6nnen es benutzen<br \/>\n-Enth\u00e4lt keine chemischen Zus\u00e4tze<\/p>\n<h2>INFORMATIONEN ZU DEN PRODUKTINHALTSSTOFFEN<\/h2>\n<p>Eine fl\u00fcssige L\u00f6sung mit einem physiologischen PH-Wert von 7,54 mit 84 aktiven Mineralstrukturen, die f\u00fcr die Bildung von Omega3-4-5-7-11 im K\u00f6rper sorgen, wie speziell verarbeitetes, formuliertes und aktiviertes BOR-Mineral, Vitamin D, Vitamin E, Eisen, Calcium und Magnesium. .<\/p>\n<\/div>\n<\/div>\n<\/div>\n<\/div>\n<\/div>\n<\/div>\n<\/section>\n","protected":false},"excerpt":{"rendered":"<p>So\u011fuk alg\u0131nl\u0131\u011f\u0131 veya grip nedeniyle meydana gelen durumlarda RENOVAL KORONRED rahat\u00e7a nefes alman\u0131za yard\u0131mc\u0131 olur.<\/p>\n","protected":false},"featured_media":7718,"comment_status":"closed","ping_status":"closed","template":"","meta":[],"product_brand":[],"product_cat":[104,136,161],"product_tag":[],"class_list":{"0":"post-7744","1":"product","2":"type-product","3":"status-publish","4":"has-post-thumbnail","6":"product_cat-alle-produkte-de","7":"product_cat-andere-produkte-de","8":"product_cat-spreyler-de","10":"first","11":"instock","12":"sale","13":"shipping-taxable","14":"purchasable","15":"product-type-simple"},"_links":{"self":[{"href":"https:\/\/nanotermo.com.tr\/de\/wp-json\/wp\/v2\/product\/7744","targetHints":{"allow":["GET"]}}],"collection":[{"href":"https:\/\/nanotermo.com.tr\/de\/wp-json\/wp\/v2\/product"}],"about":[{"href":"https:\/\/nanotermo.com.tr\/de\/wp-json\/wp\/v2\/types\/product"}],"replies":[{"embeddable":true,"href":"https:\/\/nanotermo.com.tr\/de\/wp-json\/wp\/v2\/comments?post=7744"}],"wp:featuredmedia":[{"embeddable":true,"href":"https:\/\/nanotermo.com.tr\/de\/wp-json\/wp\/v2\/media\/7718"}],"wp:attachment":[{"href":"https:\/\/nanotermo.com.tr\/de\/wp-json\/wp\/v2\/media?parent=7744"}],"wp:term":[{"taxonomy":"product_brand","embeddable":true,"href":"https:\/\/nanotermo.com.tr\/de\/wp-json\/wp\/v2\/product_brand?post=7744"},{"taxonomy":"product_cat","embeddable":true,"href":"https:\/\/nanotermo.com.tr\/de\/wp-json\/wp\/v2\/product_cat?post=7744"},{"taxonomy":"product_tag","embeddable":true,"href":"https:\/\/nanotermo.com.tr\/de\/wp-json\/wp\/v2\/product_tag?post=7744"}],"curies":[{"name":"wp","href":"https:\/\/api.w.org\/{rel}","templated":true}]}}