
{"id":8303,"date":"2026-04-15T08:18:55","date_gmt":"2026-04-15T08:18:55","guid":{"rendered":"https:\/\/nanotermo.com.tr\/?post_type=product&#038;p=8303"},"modified":"2026-04-15T08:18:55","modified_gmt":"2026-04-15T08:18:55","slug":"ps100-ev-tipi-far-infrared-sauna","status":"publish","type":"product","link":"https:\/\/nanotermo.com.tr\/de\/urun\/ps100-ev-tipi-far-infrared-sauna\/","title":{"rendered":"Ps100 Ev Tipi Far-infrared Sauna"},"content":{"rendered":"[vc_row type=&#8220;in_container&#8220; full_screen_row_position=&#8220;middle&#8220; column_margin=&#8220;default&#8220; column_direction=&#8220;default&#8220; column_direction_tablet=&#8220;default&#8220; column_direction_phone=&#8220;default&#8220; scene_position=&#8220;center&#8220; text_color=&#8220;dark&#8220; text_align=&#8220;left&#8220; row_border_radius=&#8220;none&#8220; row_border_radius_applies=&#8220;bg&#8220; row_position_desktop=&#8220;default&#8220; row_position_tablet=&#8220;inherit&#8220; row_position_phone=&#8220;inherit&#8220; overflow=&#8220;visible&#8220; overlay_strength=&#8220;0.3&#8243; gradient_direction=&#8220;left_to_right&#8220; shape_divider_position=&#8220;bottom&#8220; bg_image_animation=&#8220;none&#8220;][vc_column column_padding=&#8220;no-extra-padding&#8220; column_padding_tablet=&#8220;inherit&#8220; column_padding_phone=&#8220;inherit&#8220; column_padding_position=&#8220;all&#8220; flex_gap_desktop=&#8220;10px&#8220; column_element_direction_desktop=&#8220;default&#8220; column_element_spacing=&#8220;default&#8220; desktop_text_alignment=&#8220;default&#8220; tablet_text_alignment=&#8220;default&#8220; phone_text_alignment=&#8220;default&#8220; background_color_opacity=&#8220;1&#8243; background_hover_color_opacity=&#8220;1&#8243; column_backdrop_filter=&#8220;none&#8220; column_shadow=&#8220;none&#8220; column_border_radius=&#8220;none&#8220; column_link_target=&#8220;_self&#8220; column_position=&#8220;default&#8220; gradient_direction=&#8220;left_to_right&#8220; overlay_strength=&#8220;0.3&#8243; width=&#8220;1\/1&#8243; tablet_width_inherit=&#8220;default&#8220; animation_type=&#8220;default&#8220; bg_image_animation=&#8220;none&#8220; border_type=&#8220;simple&#8220; column_border_width=&#8220;none&#8220; column_border_style=&#8220;solid&#8220;][vc_column_text css=&#8220;&#8220; text_direction=&#8220;default&#8220;][\/vc_column_text][\/vc_column][\/vc_row]\n","protected":false},"excerpt":{"rendered":"<p><strong>PS-100 Ev tipi Portatif Sauna\u00a0<\/strong><\/p>\n<p>*2 par\u00e7adan olu\u015fur; altl\u0131k ter yayg\u0131 bezi ve sauna ana g\u00f6vdesi.<br \/>\n*Koli a\u011f\u0131rl\u0131\u011f\u0131 17 kg<br \/>\n*100 kg kadar ve 1.75 boya olan insanlar\u0131n konforlu kullan\u0131m i\u00e7in uygundur.<br \/>\n*Far-infrared \u0131s\u0131t\u0131c\u0131 kullan\u0131lm\u0131\u015ft\u0131r. 45C den sonra FIR frekans\u0131na ge\u00e7er, 20 dakika kafam\u0131z d\u0131\u015farda olacak \u015fekilde i\u00e7inde oturmal\u0131y\u0131z. Her g\u00fcn kullan\u0131ma uygundur. Is\u0131ya duyarl\u0131 hastal\u0131\u011f\u0131n\u0131z varsa, mutlaka doktorunuza dan\u0131\u015farak kullan\u0131n.<br \/>\n*550 w\/s enerji t\u00fcketimi olur.<br \/>\n*Otomatik termostatl\u0131d\u0131r, 30 dakika \u0131s\u0131t\u0131l\u0131r 92\u00ba&#8217;ye kadar \u0131s\u0131n\u0131r, otomatik termostat \u0131s\u0131 kontrol\u00fc sayesinde 78\u00ba ile 90\u00ba aras\u0131nda \u00e7al\u0131\u015f\u0131r. Ortam\u0131nda 65\u00ba \u0131s\u0131 yo\u011funlu\u011fu olu\u015fur.<br \/>\n*1m\u00b2 kare yer kaplar<br \/>\n*Fitelats\u0131z, anti-bakteriyel kuma\u015f yap\u0131s\u0131 sayesinde hijyenik bir cihazd\u0131r<br \/>\n*Ev de Ailede herkes i\u00e7in kullan\u0131ma uygundur.<br \/>\n*Portatif, kullan\u0131laca\u011f\u0131 zaman kurulumu kolayca yap\u0131l\u0131r. Kullan\u0131m sonras\u0131 temizlenip toplanabilir. Fi\u015ften \u00e7\u0131kar\u0131l\u0131p, so\u011futup toplanmal\u0131d\u0131r.<br \/>\n*Temizli\u011fi \u00e7ok pratiktir; fiber bez \u0131slat\u0131l\u0131p, hafif sabunla ter de\u011fen yerler silinir. Boyun havlusu fermuarl\u0131d\u0131r de\u011fi\u015ftirilebilir.<br \/>\n*Cihaz \u00fczerindeki termostat\u0131n \u00fcst\u00fcnde, kullan\u0131m talimat\u0131n\u0131 mutlaka kullanmaya ba\u015flamadan okuyun.<\/p>\n<p>CE belgesine sahiptir.<\/p>\n<p>2 Y\u0131l garantilidir<\/p>\n","protected":false},"featured_media":8304,"comment_status":"open","ping_status":"closed","template":"","meta":[],"product_brand":[],"product_cat":[44,43],"product_tag":[46,47,49,48,45],"class_list":{"0":"post-8303","1":"product","2":"type-product","3":"status-publish","4":"has-post-thumbnail","6":"product_cat-sauna","7":"product_cat-tum-urunler","8":"product_tag-ev-tipi-sauna","9":"product_tag-infrared-sauna","10":"product_tag-mini-sauna","11":"product_tag-saglikli-kilo-verme","12":"product_tag-sauna","14":"first","15":"instock","16":"sale","17":"shipping-taxable","18":"purchasable","19":"product-type-simple"},"_links":{"self":[{"href":"https:\/\/nanotermo.com.tr\/de\/wp-json\/wp\/v2\/product\/8303","targetHints":{"allow":["GET"]}}],"collection":[{"href":"https:\/\/nanotermo.com.tr\/de\/wp-json\/wp\/v2\/product"}],"about":[{"href":"https:\/\/nanotermo.com.tr\/de\/wp-json\/wp\/v2\/types\/product"}],"replies":[{"embeddable":true,"href":"https:\/\/nanotermo.com.tr\/de\/wp-json\/wp\/v2\/comments?post=8303"}],"wp:featuredmedia":[{"embeddable":true,"href":"https:\/\/nanotermo.com.tr\/de\/wp-json\/wp\/v2\/media\/8304"}],"wp:attachment":[{"href":"https:\/\/nanotermo.com.tr\/de\/wp-json\/wp\/v2\/media?parent=8303"}],"wp:term":[{"taxonomy":"product_brand","embeddable":true,"href":"https:\/\/nanotermo.com.tr\/de\/wp-json\/wp\/v2\/product_brand?post=8303"},{"taxonomy":"product_cat","embeddable":true,"href":"https:\/\/nanotermo.com.tr\/de\/wp-json\/wp\/v2\/product_cat?post=8303"},{"taxonomy":"product_tag","embeddable":true,"href":"https:\/\/nanotermo.com.tr\/de\/wp-json\/wp\/v2\/product_tag?post=8303"}],"curies":[{"name":"wp","href":"https:\/\/api.w.org\/{rel}","templated":true}]}}